{"id":251,"date":"2019-11-11T17:55:55","date_gmt":"2019-11-11T16:55:55","guid":{"rendered":"http:\/\/laboretxingudi.eus\/labore-txingudi\/"},"modified":"2022-01-20T12:49:12","modified_gmt":"2022-01-20T11:49:12","slug":"labore-txingudi","status":"publish","type":"page","link":"https:\/\/laboretxingudi.eus\/es\/labore-txingudi\/","title":{"rendered":"Labore Txingudi"},"content":{"rendered":"<p>[et_pb_section fb_built=\u00bb1&#8243; fullwidth=\u00bbon\u00bb _builder_version=\u00bb4.7.6&#8243; background_enable_image=\u00bboff\u00bb animation_style=\u00bbslide\u00bb animation_direction=\u00bbtop\u00bb animation_intensity_slide=\u00bb2%\u00bb animation_starting_opacity=\u00bb100%\u00bb][et_pb_fullwidth_slider show_arrows=\u00bboff\u00bb show_pagination=\u00bboff\u00bb _builder_version=\u00bb4.9.2&#8243; _module_preset=\u00bbdefault\u00bb header_level=\u00bbh1&#8243; header_font=\u00bbLato||||||||\u00bb header_font_size=\u00bb60px\u00bb header_line_height=\u00bb1.2em\u00bb body_font_size=\u00bb20px\u00bb body_line_height=\u00bb1.8em\u00bb background_color_gradient_direction=\u00bb90deg\u00bb background_enable_image=\u00bboff\u00bb custom_button=\u00bbon\u00bb button_text_size=\u00bb1px\u00bb button_bg_color=\u00bb#b4b945&#8243; button_border_width=\u00bb8px\u00bb button_border_radius=\u00bb0px\u00bb button_letter_spacing=\u00bb1px\u00bb button_font=\u00bbLato|700|||||||\u00bb button_use_icon=\u00bboff\u00bb button_alignment=\u00bbleft\u00bb max_height=\u00bb750px\u00bb custom_padding=\u00bb173px|||||\u00bb auto=\u00bbon\u00bb hover_enabled=\u00bb0&#8243; header_text_shadow_style=\u00bbpreset2&#8243; body_text_shadow_style=\u00bbpreset2&#8243; sticky_enabled=\u00bb0&#8243;][et_pb_slide heading=\u00bb\u00a1Vamos a cambiar nuestro modelo de consumo!\u00bb button_text=\u00bbHazte soci@!\u00bb button_link=\u00bbhttps:\/\/laboretxingudi.eus\/es\/asociate\/\u00bb _builder_version=\u00bb4.7.6&#8243; _module_preset=\u00bbdefault\u00bb header_font=\u00bbLato||||||||\u00bb header_text_align=\u00bbleft\u00bb header_font_size=\u00bb60px\u00bb use_background_color_gradient=\u00bbon\u00bb background_color_gradient_start=\u00bbrgba(0,0,0,0.45)\u00bb background_color_gradient_end=\u00bbrgba(0,0,0,0)\u00bb background_image=\u00bbhttps:\/\/laboretxingudi.eus\/wp-content\/uploads\/2019\/11\/GG191012321-e1579021247373.jpg\u00bb background_enable_image=\u00bbon\u00bb custom_button=\u00bbon\u00bb button_text_size=\u00bb18px\u00bb button_bg_color=\u00bb#b4b945&#8243; button_border_width=\u00bb8px\u00bb button_border_color=\u00bb#b4b945&#8243; button_letter_spacing=\u00bb1px\u00bb button_font=\u00bbLato|700|||||||\u00bb text_orientation=\u00bbleft\u00bb custom_padding=\u00bb|435px|||false|false\u00bb link_option_url=\u00bbhttps:\/\/laboretxingudi.eus\/es\/asociate\/\u00bb button_border_color__hover_enabled=\u00bbon|hover\u00bb button_border_color__hover=\u00bb#b5ba5e\u00bb button_bg_color__hover_enabled=\u00bbon|hover\u00bb button_bg_color__hover=\u00bb#b5ba5e\u00bb button_bg_enable_color__hover=\u00bbon\u00bb sticky_transition=\u00bbon\u00bb]<\/p>\n<p style=\"text-align: left;\">Txingudiko kontsumoa, ekoizpena eta elikadura eraldatu nahi dituen <strong>irabazi amorik gabeko elkartea<\/strong> gara.<strong><br \/> <\/strong><\/p>\n<p>&nbsp;<\/p>\n<p>[\/et_pb_slide][\/et_pb_fullwidth_slider][\/et_pb_section][et_pb_section fb_built=\u00bb1&#8243; admin_label=\u00bbMarket Information Section\u00bb _builder_version=\u00bb3.22&#8243; custom_padding=\u00bb0px||5px|||\u00bb][et_pb_row column_structure=\u00bb1_4,1_2,1_4&#8243; admin_label=\u00bbMarket Information Title Area\u00bb _builder_version=\u00bb4.0.6&#8243; min_height=\u00bb390px\u00bb custom_padding=\u00bb40px|0px|0px|0px||\u00bb][et_pb_column type=\u00bb1_4&#8243; _builder_version=\u00bb4.0.6&#8243; custom_padding=\u00bb|||\u00bb custom_padding__hover=\u00bb|||\u00bb][et_pb_text admin_label=\u00bbTitle\u00bb _builder_version=\u00bb4.0.6&#8243; text_font=\u00bb||||||||\u00bb header_font=\u00bb||||||||\u00bb header_2_font=\u00bbLato||||||||\u00bb header_2_font_size=\u00bb36px\u00bb header_2_line_height=\u00bb1.5em\u00bb custom_padding=\u00bb|||\u00bb animation_direction=\u00bbleft\u00bb]<\/p>\n<h1>\u00bfQu\u00e9 es Labore Txingudi?<\/h1>\n<p>[\/et_pb_text][et_pb_number_counter title=\u00bbAsociad@s\u00bb number=\u00bb218&#8243; percent_sign=\u00bboff\u00bb _builder_version=\u00bb4.6.6&#8243; title_font=\u00bbLato|700|||||||\u00bb title_font_size=\u00bb26px\u00bb title_line_height=\u00bb1.5em\u00bb number_font=\u00bbLato|700|||||||\u00bb number_text_color=\u00bb#f29e02&#8243; number_font_size=\u00bb84px\u00bb custom_margin=\u00bb||4px|||\u00bb custom_padding=\u00bb20px||||false|false\u00bb locked=\u00bboff\u00bb][\/et_pb_number_counter][et_pb_text admin_label=\u00bbTitle\u00bb _builder_version=\u00bb4.9.2&#8243; text_font=\u00bb||||||||\u00bb header_font=\u00bb|700|||||||\u00bb header_text_color=\u00bb#b4b945&#8243; header_font_size=\u00bb35px\u00bb header_2_font=\u00bb||||||||\u00bb header_3_font=\u00bbLato|700|||||||\u00bb header_3_font_size=\u00bb18px\u00bb header_3_line_height=\u00bb1.5em\u00bb header_4_font=\u00bbLato||||||||\u00bb header_4_font_size=\u00bb16px\u00bb header_4_line_height=\u00bb1.5em\u00bb custom_margin=\u00bb||0px|-70px|false|false\u00bb custom_padding=\u00bb0px|||0px|false|false\u00bb border_color_all=\u00bb#000000&#8243;]<\/p>\n<h1 style=\"text-align: justify;\">200 eta aurrera!<\/h1>\n<h4 style=\"text-align: justify;\">Hasta junio de 2020, planteamos un reto a Labore Txingudi:<strong> llegar a 200 socios.<\/strong><\/h4>\n<h4 style=\"text-align: justify;\">Conseguimos superar el l\u00edmite de 200 socios, pero no queremos quedarnos ah\u00ed. Conseguidos 200, esperamos llegar a 225, 300 o 400 en los pr\u00f3ximos meses.<\/h4>\n<h4 style=\"text-align: justify;\">Para eso necesitamos tu ayuda. El camino hacia la soberan\u00eda alimentaria supone un cambio en los h\u00e1bitos de consumo.<\/h4>\n<p>[\/et_pb_text][et_pb_text admin_label=\u00bbTitle\u00bb _builder_version=\u00bb4.9.2&#8243; text_font=\u00bb||||||||\u00bb text_font_size=\u00bb17px\u00bb header_font=\u00bb||||||||\u00bb header_2_font=\u00bb||||||||\u00bb header_3_font=\u00bbLato|700|||||||\u00bb header_3_font_size=\u00bb18px\u00bb header_3_line_height=\u00bb1.5em\u00bb header_4_font=\u00bbLato||||||||\u00bb header_4_font_size=\u00bb16px\u00bb header_4_line_height=\u00bb1.5em\u00bb custom_margin=\u00bb0px||15px||false|false\u00bb custom_padding=\u00bb35px||||false|false\u00bb]<\/p>\n<h1 style=\"margin-bottom: 0cm; line-height: 100%; text-align: center;\"><strong>HORARIO<\/strong><\/h1>\n<p style=\"margin-bottom: 0cm; line-height: 100%; text-align: center;\">De lunes a Viernes<\/p>\n<p style=\"margin-bottom: 0cm; line-height: 100%; text-align: center;\"><strong>9:30-13:30 \/ 17:00-20:00<\/strong><\/p>\n<p style=\"margin-bottom: 0cm; line-height: 100%; text-align: center;\">Sabados<\/p>\n<p style=\"margin-bottom: 0cm; line-height: 100%; text-align: center;\"><strong>9:30-13:30<\/strong><\/p>\n<p style=\"margin-bottom: 0cm; line-height: 100%; text-align: center;\">\u00a0<\/p>\n<h1 style=\"text-align: center;\"><strong>Labore Txingudi<\/strong><\/h1>\n<p style=\"text-align: center;\">Uranzu kalea 13,<\/p>\n<p style=\"text-align: center;\">20304 IRUN<\/p>\n<p>[\/et_pb_text][\/et_pb_column][et_pb_column type=\u00bb1_2&#8243; _builder_version=\u00bb3.25&#8243; custom_padding=\u00bb|||\u00bb custom_padding__hover=\u00bb|||\u00bb][et_pb_text _builder_version=\u00bb4.9.2&#8243; text_font=\u00bb||||||||\u00bb text_font_size=\u00bb16px\u00bb text_line_height=\u00bb1.8em\u00bb header_font=\u00bb||||||||\u00bb custom_padding=\u00bb0px||2px|||\u00bb animation_direction=\u00bbleft\u00bb]<\/p>\n<p align=\"JUSTIFY\">Somos una <strong>asociaci\u00f3n sin \u00e1nimo de lucro<\/strong> que busca cambiar el consumo, la producci\u00f3n y la alimentaci\u00f3n en nuestra comarca, Txingudi. El objetivo es crear una Cooperativa de Consumo que agrupe a los y las protagonistas de aqu\u00ed y de los alrededores: productores y productoras, elaboradores y elaboradoras, consumidores y comsumidoras\u2026 De este modo, podremos tejer <strong>una red de productores-as y consumidores-as que nos permita acceder a una gama de productos locales y\/o ecol\u00f3gicos de forma c\u00f3moda.<\/strong><\/p>\n<p align=\"JUSTIFY\">En Labore Txingudi encontraremos siempre productos de aqu\u00ed, de nuestro entorno: productos de temporada, frescos y cercanos. Gracias al trabajo en conjunto con los productores\/as y repartidores\/as de la zona, podremos ofrecer productos ecol\u00f3gicos y sanos, de toda confianza. Labore Txingudi pone a nuestra disposici\u00f3n los productos de aqu\u00ed, por su calidad, porque nos gusta consumir lo de aqu\u00ed, porque queremos cuidar tanto de nuestra tierra y nuestra econom\u00eda, como de las de todo el mundo.<\/p>\n<p>[\/et_pb_text][et_pb_text _builder_version=\u00bb4.6.6&#8243; _module_preset=\u00bbdefault\u00bb]<\/p>\n<div class=\"leaflet-map WPLeafletMap\" style=\"height:350px; width:100%;\"><\/div><script>\nwindow.WPLeafletMapPlugin = window.WPLeafletMapPlugin || [];\nwindow.WPLeafletMapPlugin.push(function WPLeafletMapShortcode() {\/*<script>*\/\nvar baseUrl = atob('aHR0cHM6Ly97c30udGlsZS5vcGVuc3RyZWV0bWFwLm9yZy97en0ve3h9L3t5fS5wbmc=');\nvar base = (!baseUrl && window.MQ) ?\n    window.MQ.mapLayer() : L.tileLayer(baseUrl,\n        L.Util.extend({}, {\n            detectRetina: 0,\n        },\n        {\"subdomains\":\"abc\",\"noWrap\":false,\"maxZoom\":20}        )\n    );\n    var options = L.Util.extend({}, {\n        layers: [base],\n        attributionControl: false\n    },\n    {\"zoomControl\":true,\"scrollWheelZoom\":true,\"doubleClickZoom\":false,\"fitBounds\":false,\"minZoom\":0,\"maxZoom\":20,\"maxBounds\":null,\"attribution\":\"<a href=\\\"http:\\\/\\\/leafletjs.com\\\" title=\\\"A JS library for interactive maps\\\">Leaflet<\\\/a>; \\\\r\\\\n\\u00a9 <a href=\\\"http:\\\/\\\/www.openstreetmap.org\\\/copyright\\\">OpenStreetMap<\\\/a> contributors\"},\n    {});\nwindow.WPLeafletMapPlugin.createMap(options).setView([43.337952988374,-1.7853406414453],18);});<\/script>\n<script>\nwindow.WPLeafletMapPlugin = window.WPLeafletMapPlugin || [];\nwindow.WPLeafletMapPlugin.push(function WPLeafletMarkerShortcode() {\/*<script>*\/\nvar map = window.WPLeafletMapPlugin.getCurrentMap();\nvar group = window.WPLeafletMapPlugin.getCurrentGroup();\nvar marker_options = window.WPLeafletMapPlugin.getIconOptions({});\nvar marker = L.marker(\n    [43.338050532103,-1.7852246761322],\n    marker_options\n);\nvar is_image = map.is_image_map;\nif (marker_options.draggable) {\n    marker.on('dragend', function () {\n        var latlng = this.getLatLng();\n        var lat = latlng.lat;\n        var lng = latlng.lng;\n        if (is_image) {\n            console.log('leaflet-marker y=' + lat + ' x=' + lng);\n        } else {\n            console.log('leaflet-marker lat=' + lat + ' lng=' + lng);\n        }\n    });\n}\nmarker.addTo( group );\nmarker.bindPopup(window.WPLeafletMapPlugin.unescape(' Labore Txingudi, Uranzu Kalea 13 ')).openPopup();window.WPLeafletMapPlugin.markers.push( marker );\n        });<\/script>\n<p>&nbsp;<\/p>\n<p>[\/et_pb_text][\/et_pb_column][et_pb_column type=\u00bb1_4&#8243; _builder_version=\u00bb3.25&#8243; custom_padding=\u00bb|||\u00bb custom_padding__hover=\u00bb|||\u00bb][et_pb_sidebar _builder_version=\u00bb4.0.6&#8243; background_color=\u00bb#e9ebea\u00bb custom_margin=\u00bb||0px||false|false\u00bb custom_padding=\u00bb10px|10px|5px|10px|false|false\u00bb][\/et_pb_sidebar][\/et_pb_column][\/et_pb_row][et_pb_row _builder_version=\u00bb4.9.2&#8243; _module_preset=\u00bbdefault\u00bb][et_pb_column type=\u00bb4_4&#8243; _builder_version=\u00bb4.9.2&#8243; _module_preset=\u00bbdefault\u00bb][et_pb_video src=\u00bbhttps:\/\/youtu.be\/Ukil5VZNJI4&#8243; _builder_version=\u00bb4.9.2&#8243; _module_preset=\u00bbdefault\u00bb][\/et_pb_video][\/et_pb_column][\/et_pb_row][\/et_pb_section][et_pb_section fb_built=\u00bb1&#8243; use_custom_gutter=\u00bbon\u00bb gutter_width=\u00bb1&#8243; specialty=\u00bbon\u00bb padding_top_1=\u00bb0px\u00bb padding_bottom_1=\u00bb0px\u00bb admin_label=\u00bbImage Gallery Section\u00bb module_class=\u00bb et_pb_specialty_fullwidth\u00bb _builder_version=\u00bb3.22&#8243; inner_width=\u00bb100%\u00bb inner_width_tablet=\u00bb100%\u00bb inner_width_phone=\u00bb\u00bb inner_width_last_edited=\u00bbon|desktop\u00bb inner_max_width=\u00bb100%\u00bb inner_max_width_tablet=\u00bb100%\u00bb inner_max_width_phone=\u00bb\u00bb inner_max_width_last_edited=\u00bbon|desktop\u00bb custom_padding=\u00bb0px|0px|0px|0px\u00bb make_fullwidth=\u00bbon\u00bb collapsed=\u00bboff\u00bb][et_pb_column type=\u00bb1_2&#8243; _builder_version=\u00bb3.25&#8243; custom_padding=\u00bb|||\u00bb custom_padding__hover=\u00bb|||\u00bb][et_pb_image src=\u00bbhttps:\/\/laboretxingudi.eus\/wp-content\/uploads\/2019\/11\/GG191126256.jpg\u00bb show_in_lightbox=\u00bbon\u00bb use_overlay=\u00bbon\u00bb overlay_icon_color=\u00bb#ffffff\u00bb hover_overlay_color=\u00bbrgba(0,0,0,0.3)\u00bb hover_icon=\u00bb%%15%%\u00bb force_fullwidth=\u00bbon\u00bb align_tablet=\u00bbcenter\u00bb align_phone=\u00bb\u00bb align_last_edited=\u00bbon|desktop\u00bb _builder_version=\u00bb4.0.6&#8243; custom_margin=\u00bb|||\u00bb box_shadow_style=\u00bbpreset7&#8243; box_shadow_horizontal=\u00bb0px\u00bb box_shadow_vertical=\u00bb0px\u00bb box_shadow_spread=\u00bb8px\u00bb box_shadow_color=\u00bb#ffffff\u00bb locked=\u00bboff\u00bb][\/et_pb_image][\/et_pb_column][et_pb_column type=\u00bb1_2&#8243; specialty_columns=\u00bb2&#8243; _builder_version=\u00bb3.25&#8243; custom_padding=\u00bb|||\u00bb custom_padding__hover=\u00bb|||\u00bb][et_pb_row_inner _builder_version=\u00bb3.25&#8243; custom_padding=\u00bb0px|0px|0px|0px\u00bb][et_pb_column_inner saved_specialty_column_type=\u00bb1_2&#8243; _builder_version=\u00bb3.25&#8243; custom_padding=\u00bb|||\u00bb custom_padding__hover=\u00bb|||\u00bb][et_pb_image src=\u00bbhttps:\/\/laboretxingudi.eus\/wp-content\/uploads\/2019\/11\/GG191126244-e1574777522546.jpg\u00bb show_in_lightbox=\u00bbon\u00bb use_overlay=\u00bbon\u00bb overlay_icon_color=\u00bb#ffffff\u00bb hover_overlay_color=\u00bbrgba(0,0,0,0.3)\u00bb hover_icon=\u00bb%%15%%\u00bb force_fullwidth=\u00bbon\u00bb align_tablet=\u00bbcenter\u00bb align_phone=\u00bb\u00bb align_last_edited=\u00bbon|desktop\u00bb _builder_version=\u00bb4.6.6&#8243; custom_margin=\u00bb|||\u00bb box_shadow_style=\u00bbpreset7&#8243; box_shadow_horizontal=\u00bb0px\u00bb box_shadow_vertical=\u00bb0px\u00bb box_shadow_spread=\u00bb8px\u00bb box_shadow_color=\u00bb#ffffff\u00bb locked=\u00bboff\u00bb][\/et_pb_image][\/et_pb_column_inner][\/et_pb_row_inner][et_pb_row_inner column_structure=\u00bb1_2,1_2&#8243; use_custom_gutter=\u00bbon\u00bb gutter_width=\u00bb1&#8243; _builder_version=\u00bb3.25&#8243; custom_padding=\u00bb0px|0px|0px|0px\u00bb][et_pb_column_inner type=\u00bb1_2&#8243; saved_specialty_column_type=\u00bb1_2&#8243; _builder_version=\u00bb3.25&#8243; custom_padding=\u00bb|||\u00bb custom_padding__hover=\u00bb|||\u00bb][et_pb_image src=\u00bbhttps:\/\/laboretxingudi.eus\/wp-content\/uploads\/2019\/11\/GG191126274-e1574777970143.jpg\u00bb show_in_lightbox=\u00bbon\u00bb use_overlay=\u00bbon\u00bb overlay_icon_color=\u00bb#ffffff\u00bb hover_overlay_color=\u00bbrgba(0,0,0,0.3)\u00bb hover_icon=\u00bb%%15%%\u00bb force_fullwidth=\u00bbon\u00bb align_tablet=\u00bbcenter\u00bb align_phone=\u00bb\u00bb align_last_edited=\u00bbon|desktop\u00bb _builder_version=\u00bb4.0.6&#8243; custom_margin=\u00bb|||\u00bb box_shadow_style=\u00bbpreset7&#8243; box_shadow_horizontal=\u00bb0px\u00bb box_shadow_vertical=\u00bb0px\u00bb box_shadow_spread=\u00bb8px\u00bb box_shadow_color=\u00bb#ffffff\u00bb locked=\u00bboff\u00bb][\/et_pb_image][\/et_pb_column_inner][et_pb_column_inner type=\u00bb1_2&#8243; saved_specialty_column_type=\u00bb1_2&#8243; _builder_version=\u00bb3.25&#8243; custom_padding=\u00bb|||\u00bb custom_padding__hover=\u00bb|||\u00bb][et_pb_image src=\u00bbhttps:\/\/laboretxingudi.eus\/wp-content\/uploads\/2019\/11\/GG191126243.jpg\u00bb show_in_lightbox=\u00bbon\u00bb use_overlay=\u00bbon\u00bb overlay_icon_color=\u00bb#ffffff\u00bb hover_overlay_color=\u00bbrgba(0,0,0,0.3)\u00bb hover_icon=\u00bb%%15%%\u00bb force_fullwidth=\u00bbon\u00bb align_tablet=\u00bbcenter\u00bb align_phone=\u00bb\u00bb align_last_edited=\u00bbon|desktop\u00bb _builder_version=\u00bb4.0.6&#8243; custom_margin=\u00bb|||\u00bb box_shadow_style=\u00bbpreset7&#8243; box_shadow_horizontal=\u00bb0px\u00bb box_shadow_vertical=\u00bb0px\u00bb box_shadow_spread=\u00bb8px\u00bb box_shadow_color=\u00bb#ffffff\u00bb locked=\u00bboff\u00bb][\/et_pb_image][\/et_pb_column_inner][\/et_pb_row_inner][\/et_pb_column][\/et_pb_section][et_pb_section fb_built=\u00bb1&#8243; fullwidth=\u00bbon\u00bb admin_label=\u00bbCall to Action\u00bb _builder_version=\u00bb3.22&#8243; animation_style=\u00bbslide\u00bb animation_direction=\u00bbbottom\u00bb animation_intensity_slide=\u00bb6%\u00bb animation_starting_opacity=\u00bb100%\u00bb locked=\u00bboff\u00bb][et_pb_fullwidth_header title=\u00bbHazte soci@!\u00bb button_one_text=\u00bbAsociate\u00bb button_one_url=\u00bbhttps:\/\/laboretxingudi.eus\/es\/asociate\/\u00bb content_max_width=\u00bb800px\u00bb _builder_version=\u00bb4.1&#8243; title_level=\u00bbh2&#8243; title_font=\u00bbLato||||||||\u00bb title_font_size=\u00bb60px\u00bb title_line_height=\u00bb1.2em\u00bb content_font=\u00bb||||||||\u00bb content_font_size=\u00bb20px\u00bb content_line_height=\u00bb1.8em\u00bb background_color=\u00bbrgba(255, 255, 255, 0)\u00bb use_background_color_gradient=\u00bbon\u00bb background_color_gradient_start=\u00bbrgba(0,0,0,0.75)\u00bb background_color_gradient_end=\u00bbrgba(0,0,0,0)\u00bb background_color_gradient_direction=\u00bb90deg\u00bb background_color_gradient_overlays_image=\u00bbon\u00bb background_image=\u00bbhttps:\/\/laboretxingudi.eus\/wp-content\/uploads\/2019\/11\/GG191126244-e1574777522546.jpg\u00bb custom_button_one=\u00bbon\u00bb button_one_text_size=\u00bb18px\u00bb button_one_bg_color=\u00bb#b4b945&#8243; button_one_border_width=\u00bb8px\u00bb button_one_border_color=\u00bb#b4b945&#8243; button_one_border_radius=\u00bb0px\u00bb button_one_letter_spacing=\u00bb1px\u00bb button_one_font=\u00bbLato|700|||||||\u00bb button_one_use_icon=\u00bboff\u00bb custom_button_two=\u00bbon\u00bb button_two_text_size=\u00bb18px\u00bb button_two_text_color=\u00bb#353740&#8243; button_two_bg_color=\u00bb#ffffff\u00bb button_two_border_width=\u00bb8px\u00bb button_two_border_color=\u00bb#ffffff\u00bb button_two_border_radius=\u00bb0px\u00bb button_two_letter_spacing=\u00bb1px\u00bb button_two_font=\u00bbLato|700|||||||\u00bb button_two_use_icon=\u00bboff\u00bb custom_margin=\u00bb|||\u00bb custom_padding=\u00bb8%||8%|\u00bb button_one_letter_spacing_hover=\u00bb1px\u00bb button_two_letter_spacing_hover=\u00bb1px\u00bb button_one_text_size__hover_enabled=\u00bboff\u00bb button_two_text_size__hover_enabled=\u00bboff\u00bb button_one_text_color__hover_enabled=\u00bboff\u00bb button_two_text_color__hover_enabled=\u00bboff\u00bb button_one_border_width__hover_enabled=\u00bboff\u00bb button_two_border_width__hover_enabled=\u00bboff\u00bb button_one_border_color__hover_enabled=\u00bboff\u00bb button_two_border_color__hover_enabled=\u00bboff\u00bb button_one_border_radius__hover_enabled=\u00bboff\u00bb button_two_border_radius__hover_enabled=\u00bboff\u00bb button_one_letter_spacing__hover_enabled=\u00bbon\u00bb button_one_letter_spacing__hover=\u00bb1px\u00bb button_two_letter_spacing__hover_enabled=\u00bbon\u00bb button_two_letter_spacing__hover=\u00bb1px\u00bb button_one_bg_color__hover_enabled=\u00bboff\u00bb button_two_bg_color__hover_enabled=\u00bboff\u00bb][\/et_pb_fullwidth_header][\/et_pb_section]<\/p>\n","protected":false},"excerpt":{"rendered":"<p>Txingudiko kontsumoa, ekoizpena eta elikadura eraldatu nahi dituen irabazi amorik gabeko elkartea gara. &nbsp;\u00bfQu\u00e9 es Labore Txingudi?200 eta aurrera! Hasta junio de 2020, planteamos un reto a Labore Txingudi: llegar a 200 socios. Conseguimos superar el l\u00edmite de 200 socios, pero no queremos quedarnos ah\u00ed. Conseguidos 200, esperamos llegar a 225, 300 o 400 en [&hellip;]<\/p>\n","protected":false},"author":1,"featured_media":0,"parent":0,"menu_order":0,"comment_status":"closed","ping_status":"closed","template":"","meta":{"_et_pb_use_builder":"on","_et_pb_old_content":"","_et_gb_content_width":"","footnotes":""},"class_list":["post-251","page","type-page","status-publish","hentry"],"_links":{"self":[{"href":"https:\/\/laboretxingudi.eus\/es\/wp-json\/wp\/v2\/pages\/251","targetHints":{"allow":["GET"]}}],"collection":[{"href":"https:\/\/laboretxingudi.eus\/es\/wp-json\/wp\/v2\/pages"}],"about":[{"href":"https:\/\/laboretxingudi.eus\/es\/wp-json\/wp\/v2\/types\/page"}],"author":[{"embeddable":true,"href":"https:\/\/laboretxingudi.eus\/es\/wp-json\/wp\/v2\/users\/1"}],"replies":[{"embeddable":true,"href":"https:\/\/laboretxingudi.eus\/es\/wp-json\/wp\/v2\/comments?post=251"}],"version-history":[{"count":26,"href":"https:\/\/laboretxingudi.eus\/es\/wp-json\/wp\/v2\/pages\/251\/revisions"}],"predecessor-version":[{"id":802,"href":"https:\/\/laboretxingudi.eus\/es\/wp-json\/wp\/v2\/pages\/251\/revisions\/802"}],"wp:attachment":[{"href":"https:\/\/laboretxingudi.eus\/es\/wp-json\/wp\/v2\/media?parent=251"}],"curies":[{"name":"wp","href":"https:\/\/api.w.org\/{rel}","templated":true}]}}