{"id":2158,"date":"2023-10-10T07:31:29","date_gmt":"2023-10-10T06:31:29","guid":{"rendered":"https:\/\/laboretxingudi.eus\/recursos\/"},"modified":"2023-10-10T07:31:30","modified_gmt":"2023-10-10T06:31:30","slug":"recursos","status":"publish","type":"page","link":"https:\/\/laboretxingudi.eus\/es\/recursos\/","title":{"rendered":"Recursos"},"content":{"rendered":"<p>[et_pb_section fb_built=\u00bb1&#8243; _builder_version=\u00bb4.16&#8243; background_enable_color=\u00bboff\u00bb custom_padding=\u00bb39px|||||\u00bb global_colors_info=\u00bb{}\u00bb theme_builder_area=\u00bbpost_content\u00bb][et_pb_row column_structure=\u00bb2_3,1_3&#8243; _builder_version=\u00bb4.22.2&#8243; global_colors_info=\u00bb{}\u00bb theme_builder_area=\u00bbpost_content\u00bb][et_pb_column type=\u00bb2_3&#8243; _builder_version=\u00bb4.16&#8243; global_colors_info=\u00bb{}\u00bb theme_builder_area=\u00bbpost_content\u00bb][et_pb_text _builder_version=\u00bb4.22.2&#8243; text_font_size=\u00bb17px\u00bb text_letter_spacing=\u00bb1px\u00bb header_font=\u00bb|700|||||||\u00bb header_text_color=\u00bb#000000&#8243; text_orientation=\u00bbjustified\u00bb width=\u00bb90%\u00bb custom_padding=\u00bb||15px||false|false\u00bb hover_enabled=\u00bb0&#8243; global_colors_info=\u00bb{}\u00bb theme_builder_area=\u00bbpost_content\u00bb sticky_enabled=\u00bb0&#8243;]<\/p>\n<h1 style=\"text-align: center;\">RECURSOS<\/h1>\n<header class=\"entry-header\"><\/header>\n<div id=\"primary\" class=\"content-area\">\n<p>&nbsp;<\/p>\n<p lang=\"eu-ES\" class=\"western\" align=\"justify\" style=\"line-height: 108%; margin-bottom: 0.28cm;\">En este apartado encontrar\u00e1s los recursos que vamos creando para la promoci\u00f3n y difusi\u00f3n de la agroecolog\u00eda.<\/p>\n<\/div>\n<p>[\/et_pb_text][\/et_pb_column][et_pb_column type=\u00bb1_3&#8243; _builder_version=\u00bb4.16&#8243; global_colors_info=\u00bb{}\u00bb theme_builder_area=\u00bbpost_content\u00bb][\/et_pb_column][\/et_pb_row][\/et_pb_section]<\/p>\n","protected":false},"excerpt":{"rendered":"<p>RECURSOS &nbsp; En este apartado encontrar\u00e1s los recursos que vamos creando para la promoci\u00f3n y difusi\u00f3n de la agroecolog\u00eda.<\/p>\n","protected":false},"author":1,"featured_media":0,"parent":0,"menu_order":0,"comment_status":"closed","ping_status":"closed","template":"","meta":{"_et_pb_use_builder":"on","_et_pb_old_content":"","_et_gb_content_width":"","footnotes":""},"class_list":["post-2158","page","type-page","status-publish","hentry"],"_links":{"self":[{"href":"https:\/\/laboretxingudi.eus\/es\/wp-json\/wp\/v2\/pages\/2158","targetHints":{"allow":["GET"]}}],"collection":[{"href":"https:\/\/laboretxingudi.eus\/es\/wp-json\/wp\/v2\/pages"}],"about":[{"href":"https:\/\/laboretxingudi.eus\/es\/wp-json\/wp\/v2\/types\/page"}],"author":[{"embeddable":true,"href":"https:\/\/laboretxingudi.eus\/es\/wp-json\/wp\/v2\/users\/1"}],"replies":[{"embeddable":true,"href":"https:\/\/laboretxingudi.eus\/es\/wp-json\/wp\/v2\/comments?post=2158"}],"version-history":[{"count":2,"href":"https:\/\/laboretxingudi.eus\/es\/wp-json\/wp\/v2\/pages\/2158\/revisions"}],"predecessor-version":[{"id":2160,"href":"https:\/\/laboretxingudi.eus\/es\/wp-json\/wp\/v2\/pages\/2158\/revisions\/2160"}],"wp:attachment":[{"href":"https:\/\/laboretxingudi.eus\/es\/wp-json\/wp\/v2\/media?parent=2158"}],"curies":[{"name":"wp","href":"https:\/\/api.w.org\/{rel}","templated":true}]}}