{"id":1042,"date":"2022-04-04T11:47:46","date_gmt":"2022-04-04T10:47:46","guid":{"rendered":"https:\/\/laboretxingudi.eus\/pedidos\/"},"modified":"2022-04-06T09:38:43","modified_gmt":"2022-04-06T08:38:43","slug":"pedidos","status":"publish","type":"page","link":"https:\/\/laboretxingudi.eus\/es\/pedidos\/","title":{"rendered":"pedidos"},"content":{"rendered":"<p>[et_pb_section fb_built=\u00bb1&#8243; admin_label=\u00bbFeatures\u00bb _builder_version=\u00bb4.15&#8243; _module_preset=\u00bbdefault\u00bb background_image=\u00bbhttps:\/\/laboretxingudi.eus\/wp-content\/uploads\/2019\/11\/GG191012321-e1579021247373.jpg\u00bb min_height=\u00bb724px\u00bb custom_margin=\u00bb||||false|false\u00bb custom_padding=\u00bb256px||||false|false\u00bb bottom_divider_style=\u00bbslant2&#8243; bottom_divider_color=\u00bb#FFFFFF\u00bb bottom_divider_height=\u00bb366px\u00bb global_colors_info=\u00bb{}\u00bb][et_pb_row column_structure=\u00bb1_2,1_2&#8243; make_equal=\u00bbon\u00bb _builder_version=\u00bb4.15&#8243; _module_preset=\u00bbdefault\u00bb global_colors_info=\u00bb{}\u00bb][et_pb_column type=\u00bb1_2&#8243; _builder_version=\u00bb4.15&#8243; _module_preset=\u00bbdefault\u00bb global_colors_info=\u00bb{}\u00bb][et_pb_image src=\u00bbhttps:\/\/laboretxingudi.eus\/wp-content\/uploads\/2022\/01\/BADOA.png\u00bb title_text=\u00bbBADOA\u00bb align=\u00bbcenter\u00bb _builder_version=\u00bb4.15&#8243; _module_preset=\u00bbdefault\u00bb background_enable_image=\u00bboff\u00bb background_size=\u00bbinitial\u00bb z_index=\u00bb1&#8243; width=\u00bb29%\u00bb width_tablet=\u00bb50%\u00bb width_phone=\u00bb45%\u00bb width_last_edited=\u00bbon|tablet\u00bb custom_margin=\u00bb||-10px||false|false\u00bb animation_style=\u00bbroll\u00bb global_colors_info=\u00bb{}\u00bb][\/et_pb_image][et_pb_text _builder_version=\u00bb4.15.1&#8243; _module_preset=\u00bbdefault\u00bb text_font=\u00bb||||||||\u00bb text_text_color=\u00bb#000000&#8243; text_font_size=\u00bb16px\u00bb text_line_height=\u00bb1.8em\u00bb header_2_line_height=\u00bb1.3em\u00bb header_3_font=\u00bb|700|||||||\u00bb header_3_line_height=\u00bb1.4em\u00bb background_color=\u00bb#fcf5b6&#8243; text_orientation=\u00bbcenter\u00bb custom_margin=\u00bb-35px||||false|false\u00bb custom_padding=\u00bb40px|30px|30px|30px|false|true\u00bb hover_enabled=\u00bb0&#8243; text_font_size_tablet=\u00bb\u00bb text_font_size_phone=\u00bb14px\u00bb text_font_size_last_edited=\u00bbon|phone\u00bb header_2_line_height_tablet=\u00bb1.5em\u00bb header_2_line_height_phone=\u00bb1.6em\u00bb header_2_line_height_last_edited=\u00bbon|desktop\u00bb header_3_font_size_tablet=\u00bb18px\u00bb header_3_font_size_phone=\u00bb16px\u00bb header_3_font_size_last_edited=\u00bbon|phone\u00bb header_3_line_height_tablet=\u00bb1.5em\u00bb header_3_line_height_phone=\u00bb1.6em\u00bb header_3_line_height_last_edited=\u00bbon|phone\u00bb border_radii=\u00bbon|10px|10px|10px|10px\u00bb inline_fonts=\u00bbABeeZee\u00bb global_colors_info=\u00bb{}\u00bb sticky_enabled=\u00bb0&#8243;]SERVICIO A DOMICILIO<br \/>\n(S\u00f3lo para soci@s)<\/p>\n<p>Env\u00edanos una <strong>whasapp<\/strong>, con tu nombre, direcci\u00f3n y fecha de entrega, al n\u00famero <strong>722 26 57 91<\/strong>.[\/et_pb_text][et_pb_toggle title=\u00bbHorarios de env\u00edo\u00bb open_toggle_text_color=\u00bb#000000&#8243; open_toggle_background_color=\u00bb#fcf5b6&#8243; closed_toggle_text_color=\u00bb#000000&#8243; closed_toggle_background_color=\u00bb#fcf5b6&#8243; icon_color=\u00bb#000000&#8243; toggle_icon=\u00bb&#x7d;||divi||400&#8243; use_icon_font_size=\u00bbon\u00bb icon_font_size=\u00bb30px\u00bb _builder_version=\u00bb4.15.1&#8243; _module_preset=\u00bbdefault\u00bb title_font_size=\u00bb20px\u00bb closed_title_font_size=\u00bb20px\u00bb background_color=\u00bb#fcf5b6&#8243; text_orientation=\u00bbcenter\u00bb custom_margin=\u00bb-42px||||false|false\u00bb custom_padding=\u00bb||||false|false\u00bb animation_style=\u00bbzoom\u00bb hover_enabled=\u00bb0&#8243; border_radii=\u00bbon|10px|10px|10px|10px\u00bb border_width_all=\u00bb0px\u00bb icon_color__hover=\u00bb#b4b945&#8243; icon_color__hover_enabled=\u00bbon|hover\u00bb global_colors_info=\u00bb{}\u00bb closed_toggle_text_color__hover_enabled=\u00bbon|hover\u00bb closed_toggle_text_color__hover=\u00bb#b4b945&#8243; closed_title_font_size__hover_enabled=\u00bboff|desktop\u00bb sticky_enabled=\u00bb0&#8243;]<\/p>\n<div id=\"output_text_dummy\" class=\"form-div minimal p-0 flex-grow-1 h-20rm\">\n<div><strong>Mi\u00e9rcoles y viernes:<\/strong> entregas de 18:00 a 20:00 horas.<\/div>\n<div>(Hora de env\u00edo de la solicitud, maximo a las 13:00 horas del d\u00eda de entrega)<\/div>\n<\/div>\n<p>[\/et_pb_toggle][et_pb_toggle title=\u00bbConfirmaci\u00f3n del env\u00edo\u00bb open_toggle_text_color=\u00bb#000000&#8243; open_toggle_background_color=\u00bb#fcf5b6&#8243; closed_toggle_text_color=\u00bb#000000&#8243; closed_toggle_background_color=\u00bb#fcf5b6&#8243; icon_color=\u00bb#000000&#8243; toggle_icon=\u00bb&#xf164;||fa||400&#8243; use_icon_font_size=\u00bbon\u00bb icon_font_size=\u00bb30px\u00bb _builder_version=\u00bb4.15.1&#8243; _module_preset=\u00bbdefault\u00bb title_font_size=\u00bb20px\u00bb closed_title_font_size=\u00bb20px\u00bb text_orientation=\u00bbcenter\u00bb custom_margin=\u00bb-42px||||false|false\u00bb custom_padding=\u00bb||||false|false\u00bb animation_style=\u00bbzoom\u00bb animation_delay=\u00bb50ms\u00bb hover_enabled=\u00bb0&#8243; border_radii=\u00bbon|10px|10px|10px|10px\u00bb border_width_all=\u00bb0px\u00bb icon_color__hover=\u00bb#b4b945&#8243; icon_color__hover_enabled=\u00bbon|hover\u00bb global_colors_info=\u00bb{}\u00bb closed_toggle_text_color__hover_enabled=\u00bbon|hover\u00bb closed_toggle_text_color__hover=\u00bb#b4b945&#8243; closed_title_font_size__hover_enabled=\u00bboff|desktop\u00bb sticky_enabled=\u00bb0&#8243;]Te enviaremos por Whasapp la confirmaci\u00f3n de tu solicitud y una foto del ticket.[\/et_pb_toggle][et_pb_toggle title=\u00bbPago\u00bb open_toggle_text_color=\u00bb#000000&#8243; open_toggle_background_color=\u00bb#fcf5b6&#8243; closed_toggle_text_color=\u00bb#000000&#8243; closed_toggle_background_color=\u00bb#fcf5b6&#8243; icon_color=\u00bb#000000&#8243; toggle_icon=\u00bb&#xf3d1;||fa||400&#8243; use_icon_font_size=\u00bbon\u00bb icon_font_size=\u00bb30px\u00bb _builder_version=\u00bb4.15.1&#8243; _module_preset=\u00bbdefault\u00bb title_font_size=\u00bb20px\u00bb closed_title_font_size=\u00bb20px\u00bb text_orientation=\u00bbcenter\u00bb custom_margin=\u00bb-42px||||false|false\u00bb custom_padding=\u00bb||||false|false\u00bb animation_style=\u00bbzoom\u00bb animation_delay=\u00bb100ms\u00bb border_radii=\u00bbon|10px|10px|10px|10px\u00bb border_width_all=\u00bb0px\u00bb box_shadow_style=\u00bbpreset4&#8243; box_shadow_blur=\u00bb8px\u00bb icon_color__hover=\u00bb#b4b945&#8243; icon_color__hover_enabled=\u00bbon|hover\u00bb global_colors_info=\u00bb{}\u00bb closed_toggle_text_color__hover_enabled=\u00bbon|hover\u00bb closed_toggle_text_color__hover=\u00bb#b4b945&#8243; closed_title_font_size__hover_enabled=\u00bboff|desktop\u00bb]<\/p>\n<div id=\"output_text_dummy\" class=\"form-div minimal p-0 flex-grow-1 h-20rm\">\n<div>El pedido se cobrar\u00e1 en la Cuenta Corriente que se le facilit\u00f3 al asociarse.<\/div>\n<div><\/div>\n<div>El gasto de env\u00edo son de 4,00\u20ac si se env\u00eda a Irun y de 6,00\u20ac si se realiza a Hondarribia.<\/div>\n<\/div>\n<p>[\/et_pb_toggle][et_pb_button button_url=\u00bbhttps:\/\/api.whatsapp.com\/send?phone=+34722265791&amp;text=Lista%20de%20compra:%20SERVICIO%20A%20DOMIC\u00cdLIO%20(No%20olvides%20poner%20la%20direcci\u00f3n)\u00bb button_text=\u00bbHaz tu pedido\u00bb button_alignment=\u00bbcenter\u00bb module_id=\u00bbmybutton\u00bb _builder_version=\u00bb4.14.7&#8243; _module_preset=\u00bbdefault\u00bb custom_button=\u00bbon\u00bb button_text_size=\u00bb18px\u00bb button_text_color=\u00bb#FFFFFF\u00bb button_bg_color=\u00bb#7CDA24&#8243; button_border_width=\u00bb13px\u00bb button_border_color=\u00bb#7CDA24&#8243; button_border_radius=\u00bb10px\u00bb button_letter_spacing=\u00bb1px\u00bb button_font=\u00bb||||||||\u00bb button_icon=\u00bb&#xf232;||fa||400&#8243; button_on_hover=\u00bboff\u00bb custom_padding=\u00bb0px|37px|0px|10px|false|false\u00bb animation_style=\u00bbzoom\u00bb animation_delay=\u00bb150ms\u00bb box_shadow_style=\u00bbpreset2&#8243; global_colors_info=\u00bb{}\u00bb button_border_width__hover_enabled=\u00bbon|hover\u00bb button_border_width__hover=\u00bb18px\u00bb][\/et_pb_button][\/et_pb_column][et_pb_column type=\u00bb1_2&#8243; _builder_version=\u00bb4.15&#8243; _module_preset=\u00bbdefault\u00bb global_colors_info=\u00bb{}\u00bb][et_pb_image src=\u00bbhttps:\/\/laboretxingudi.eus\/wp-content\/uploads\/2022\/01\/Labore.png\u00bb title_text=\u00bbLabore\u00bb align=\u00bbcenter\u00bb _builder_version=\u00bb4.15&#8243; _module_preset=\u00bbdefault\u00bb background_enable_image=\u00bboff\u00bb background_size=\u00bbinitial\u00bb z_index=\u00bb1&#8243; width=\u00bb29%\u00bb width_tablet=\u00bb50%\u00bb width_phone=\u00bb45%\u00bb width_last_edited=\u00bbon|tablet\u00bb custom_margin=\u00bb||-10px||false|false\u00bb animation_style=\u00bbroll\u00bb global_colors_info=\u00bb{}\u00bb][\/et_pb_image][et_pb_text _builder_version=\u00bb4.15.1&#8243; _module_preset=\u00bbdefault\u00bb text_font=\u00bb||||||||\u00bb text_text_color=\u00bb#000000&#8243; text_font_size=\u00bb16px\u00bb text_line_height=\u00bb1.8em\u00bb header_2_line_height=\u00bb1.3em\u00bb header_3_font=\u00bb|700|||||||\u00bb header_3_line_height=\u00bb1.4em\u00bb background_color=\u00bb#fcf5b6&#8243; text_orientation=\u00bbcenter\u00bb custom_margin=\u00bb-35px||||false|false\u00bb custom_padding=\u00bb40px|30px|30px|30px|false|true\u00bb hover_enabled=\u00bb0&#8243; text_font_size_tablet=\u00bb\u00bb text_font_size_phone=\u00bb14px\u00bb text_font_size_last_edited=\u00bbon|phone\u00bb header_2_line_height_tablet=\u00bb1.5em\u00bb header_2_line_height_phone=\u00bb1.6em\u00bb header_2_line_height_last_edited=\u00bbon|desktop\u00bb header_3_font_size_tablet=\u00bb18px\u00bb header_3_font_size_phone=\u00bb16px\u00bb header_3_font_size_last_edited=\u00bbon|phone\u00bb header_3_line_height_tablet=\u00bb1.5em\u00bb header_3_line_height_phone=\u00bb1.6em\u00bb header_3_line_height_last_edited=\u00bbon|phone\u00bb border_radii=\u00bbon|10px|10px|10px|10px\u00bb inline_fonts=\u00bbABeeZee\u00bb global_colors_info=\u00bb{}\u00bb sticky_enabled=\u00bb0&#8243;]RECOGIDA EN TIENDA<\/p>\n<p>Env\u00edanos una <strong>whasapp <\/strong>al n\u00famero<strong>722 26 57 91<\/strong>, con tu nombre y la hora de recogida.[\/et_pb_text][et_pb_toggle title=\u00bbPreparaci\u00f3n\u00bb open_toggle_text_color=\u00bb#000000&#8243; open_toggle_background_color=\u00bb#fcf5b6&#8243; closed_toggle_text_color=\u00bb#000000&#8243; closed_toggle_background_color=\u00bb#fcf5b6&#8243; icon_color=\u00bb#000000&#8243; toggle_icon=\u00bb&#xf07a;||fa||900&#8243; use_icon_font_size=\u00bbon\u00bb icon_font_size=\u00bb30px\u00bb _builder_version=\u00bb4.15.1&#8243; _module_preset=\u00bbdefault\u00bb title_font_size=\u00bb20px\u00bb closed_title_font_size=\u00bb20px\u00bb text_orientation=\u00bbcenter\u00bb custom_margin=\u00bb-42px||||false|false\u00bb custom_padding=\u00bb||||false|false\u00bb animation_style=\u00bbzoom\u00bb hover_enabled=\u00bb0&#8243; border_radii=\u00bbon|10px|10px|10px|10px\u00bb border_width_all=\u00bb0px\u00bb icon_color__hover=\u00bb#b4b945&#8243; icon_color__hover_enabled=\u00bbon|hover\u00bb global_colors_info=\u00bb{}\u00bb closed_toggle_text_color__hover_enabled=\u00bbon|hover\u00bb closed_toggle_text_color__hover=\u00bb#b4b945&#8243; closed_title_font_size__hover_enabled=\u00bboff|desktop\u00bb sticky_enabled=\u00bb0&#8243;]Hay que hacer el pedido por lo menos con 3 horas de antelaci\u00f3n.[\/et_pb_toggle][et_pb_toggle title=\u00bbRecogida\u00bb open_toggle_text_color=\u00bb#000000&#8243; open_toggle_background_color=\u00bb#fcf5b6&#8243; closed_toggle_text_color=\u00bb#000000&#8243; closed_toggle_background_color=\u00bb#fcf5b6&#8243; icon_color=\u00bb#000000&#8243; toggle_icon=\u00bb&#xf217;||fa||900&#8243; use_icon_font_size=\u00bbon\u00bb icon_font_size=\u00bb30px\u00bb _builder_version=\u00bb4.15.1&#8243; _module_preset=\u00bbdefault\u00bb title_font_size=\u00bb20px\u00bb closed_title_font_size=\u00bb20px\u00bb text_orientation=\u00bbcenter\u00bb custom_margin=\u00bb-42px||||false|false\u00bb custom_padding=\u00bb||||false|false\u00bb animation_style=\u00bbzoom\u00bb animation_delay=\u00bb50ms\u00bb hover_enabled=\u00bb0&#8243; border_radii=\u00bbon|10px|10px|10px|10px\u00bb border_width_all=\u00bb0px\u00bb icon_color__hover=\u00bb#b4b945&#8243; icon_color__hover_enabled=\u00bbon|hover\u00bb global_colors_info=\u00bb{}\u00bb closed_toggle_text_color__hover_enabled=\u00bbon|hover\u00bb closed_toggle_text_color__hover=\u00bb#b4b945&#8243; closed_title_font_size__hover_enabled=\u00bboff|desktop\u00bb sticky_enabled=\u00bb0&#8243;]<\/p>\n<div id=\"output_text_dummy\" class=\"form-div minimal p-0 flex-grow-1 h-20rm\">\n<div style=\"text-align: left;\">Podr\u00e1s pasar a recogerlo a partir de la hora que has anotado en el pedido.<\/div>\n<div style=\"text-align: left;\"><\/div>\n<div style=\"text-align: left;\">Recuerda el horario de nuestra tienda:<\/div>\n<div style=\"text-align: center;\"><\/div>\n<div style=\"text-align: center;\">De Lunes a Viernes<\/div>\n<div style=\"text-align: center;\"><\/div>\n<div style=\"text-align: center;\">9:30-13:30 \/ 17:00-20:00<\/div>\n<div style=\"text-align: center;\"><\/div>\n<div style=\"text-align: center;\">S\u00e1bados<\/div>\n<div style=\"text-align: center;\"><\/div>\n<div style=\"text-align: center;\">9:30-13:30 horas<\/div>\n<\/div>\n<p>[\/et_pb_toggle][et_pb_toggle title=\u00bbPago\u00bb open_toggle_text_color=\u00bb#000000&#8243; open_toggle_background_color=\u00bb#fcf5b6&#8243; closed_toggle_text_color=\u00bb#000000&#8243; closed_toggle_background_color=\u00bb#fcf5b6&#8243; icon_color=\u00bb#000000&#8243; toggle_icon=\u00bb&#xf3d1;||fa||400&#8243; use_icon_font_size=\u00bbon\u00bb icon_font_size=\u00bb30px\u00bb _builder_version=\u00bb4.15&#8243; _module_preset=\u00bbdefault\u00bb title_font_size=\u00bb20px\u00bb closed_title_font_size=\u00bb20px\u00bb text_orientation=\u00bbcenter\u00bb custom_margin=\u00bb-42px||||false|false\u00bb custom_padding=\u00bb||||false|false\u00bb animation_style=\u00bbzoom\u00bb animation_delay=\u00bb100ms\u00bb border_radii=\u00bbon|10px|10px|10px|10px\u00bb border_width_all=\u00bb0px\u00bb icon_color__hover=\u00bb#b4b945&#8243; icon_color__hover_enabled=\u00bbon|hover\u00bb global_colors_info=\u00bb{}\u00bb closed_toggle_text_color__hover_enabled=\u00bbon|hover\u00bb closed_toggle_text_color__hover=\u00bb#b4b945&#8243; closed_title_font_size__hover_enabled=\u00bboff|desktop\u00bb]<\/p>\n<div id=\"output_text_dummy\" class=\"form-div minimal p-0 flex-grow-1 h-20rm\">\n<div>Deber\u00e1 realizar el pago al recibir la solicitud, en efectivo o mediante la tarjeta.<\/div>\n<div><\/div>\n<div>Si eres socio, podemos realizar un cargo en tu cuenta.<\/div>\n<\/div>\n<p>[\/et_pb_toggle][et_pb_button button_url=\u00bbhttps:\/\/api.whatsapp.com\/send?phone=+34722265791&amp;text=Lista%20de%20compra:%20RECOGER%20EN%20TIENDA:%20(No%20olvides%20escribir%20el%20nombre%20y%20la%20hora%20de%20recogida)\u00bb button_text=\u00bbHaz tu pedido\u00bb button_alignment=\u00bbcenter\u00bb module_id=\u00bbmybutton\u00bb _builder_version=\u00bb4.15.1&#8243; _module_preset=\u00bbdefault\u00bb custom_button=\u00bbon\u00bb button_text_size=\u00bb18px\u00bb button_text_color=\u00bb#FFFFFF\u00bb button_bg_color=\u00bb#7CDA24&#8243; button_border_width=\u00bb13px\u00bb button_border_color=\u00bb#7CDA24&#8243; button_border_radius=\u00bb10px\u00bb button_letter_spacing=\u00bb1px\u00bb button_font=\u00bb||||||||\u00bb button_icon=\u00bb&#xf232;||fa||400&#8243; button_on_hover=\u00bboff\u00bb custom_padding=\u00bb0px|37px|0px|10px|false|false\u00bb animation_style=\u00bbzoom\u00bb animation_delay=\u00bb150ms\u00bb box_shadow_style=\u00bbpreset2&#8243; global_colors_info=\u00bb{}\u00bb button_border_width__hover_enabled=\u00bbon|hover\u00bb button_border_width__hover=\u00bb18px\u00bb][\/et_pb_button][\/et_pb_column][\/et_pb_row][\/et_pb_section]<\/p>\n","protected":false},"excerpt":{"rendered":"<p>SERVICIO A DOMICILIO (S\u00f3lo para soci@s) Env\u00edanos una whasapp, con tu nombre, direcci\u00f3n y fecha de entrega, al n\u00famero 722 26 57 91. Mi\u00e9rcoles y viernes: entregas de 18:00 a 20:00 horas. (Hora de env\u00edo de la solicitud, maximo a las 13:00 horas del d\u00eda de entrega) Te enviaremos por Whasapp la confirmaci\u00f3n de tu [&hellip;]<\/p>\n","protected":false},"author":1,"featured_media":0,"parent":0,"menu_order":0,"comment_status":"closed","ping_status":"closed","template":"","meta":{"_et_pb_use_builder":"on","_et_pb_old_content":"","_et_gb_content_width":"","footnotes":""},"class_list":["post-1042","page","type-page","status-publish","hentry"],"_links":{"self":[{"href":"https:\/\/laboretxingudi.eus\/es\/wp-json\/wp\/v2\/pages\/1042","targetHints":{"allow":["GET"]}}],"collection":[{"href":"https:\/\/laboretxingudi.eus\/es\/wp-json\/wp\/v2\/pages"}],"about":[{"href":"https:\/\/laboretxingudi.eus\/es\/wp-json\/wp\/v2\/types\/page"}],"author":[{"embeddable":true,"href":"https:\/\/laboretxingudi.eus\/es\/wp-json\/wp\/v2\/users\/1"}],"replies":[{"embeddable":true,"href":"https:\/\/laboretxingudi.eus\/es\/wp-json\/wp\/v2\/comments?post=1042"}],"version-history":[{"count":19,"href":"https:\/\/laboretxingudi.eus\/es\/wp-json\/wp\/v2\/pages\/1042\/revisions"}],"predecessor-version":[{"id":1073,"href":"https:\/\/laboretxingudi.eus\/es\/wp-json\/wp\/v2\/pages\/1042\/revisions\/1073"}],"wp:attachment":[{"href":"https:\/\/laboretxingudi.eus\/es\/wp-json\/wp\/v2\/media?parent=1042"}],"curies":[{"name":"wp","href":"https:\/\/api.w.org\/{rel}","templated":true}]}}